{"id":11,"date":"2017-04-19T14:43:47","date_gmt":"2017-04-19T11:43:47","guid":{"rendered":"http:\/\/demo.safirtema.com\/pusula\/?page_id=11"},"modified":"2026-02-22T18:27:13","modified_gmt":"2026-02-22T15:27:13","slug":"partnerships","status":"publish","type":"page","link":"https:\/\/www.etkinmedikal.com\/en\/partnerships\/","title":{"rendered":"Partnerships"},"content":{"rendered":"<h2><strong>Distributorship Contact Form<\/strong><\/h2>\n<p><strong>Fill in the box below exactly<\/strong><\/p>\n\n<div class=\"wpcf7 no-js\" id=\"wpcf7-f454-o1\" lang=\"tr-TR\" dir=\"ltr\" data-wpcf7-id=\"454\">\n<div class=\"screen-reader-response\"><p role=\"status\" aria-live=\"polite\" aria-atomic=\"true\"><\/p> <ul><\/ul><\/div>\n<form action=\"\/en\/wp-json\/wp\/v2\/pages\/11#wpcf7-f454-o1\" method=\"post\" class=\"wpcf7-form init\" aria-label=\"\u0130leti\u015fim Formu\" novalidate=\"novalidate\" data-status=\"init\">\n<fieldset class=\"hidden-fields-container\"><input type=\"hidden\" name=\"_wpcf7\" value=\"454\" \/><input type=\"hidden\" name=\"_wpcf7_version\" value=\"6.1.5\" \/><input type=\"hidden\" name=\"_wpcf7_locale\" value=\"tr_TR\" \/><input type=\"hidden\" name=\"_wpcf7_unit_tag\" value=\"wpcf7-f454-o1\" \/><input type=\"hidden\" name=\"_wpcf7_container_post\" value=\"0\" \/><input type=\"hidden\" name=\"_wpcf7_posted_data_hash\" value=\"\" \/>\n<\/fieldset>\n<div class=\"safirForm\">\n\t<p><span class=\"wpcf7-form-control-wrap\" data-name=\"adsoyad\"><input size=\"40\" maxlength=\"400\" class=\"wpcf7-form-control wpcf7-text wpcf7-validates-as-required\" aria-required=\"true\" aria-invalid=\"false\" placeholder=\"Company Name\" value=\"\" type=\"text\" name=\"adsoyad\" \/><\/span>\n\t<\/p>\n\t<p><span class=\"wpcf7-form-control-wrap\" data-name=\"Companyadress\"><input size=\"40\" maxlength=\"400\" class=\"wpcf7-form-control wpcf7-text wpcf7-validates-as-required\" aria-required=\"true\" aria-invalid=\"false\" placeholder=\"Company Adress\" value=\"\" type=\"text\" name=\"Companyadress\" \/><\/span>\n\t<\/p>\n\t<p><span class=\"wpcf7-form-control-wrap\" data-name=\"Contactperson\"><input size=\"40\" maxlength=\"400\" class=\"wpcf7-form-control wpcf7-text wpcf7-validates-as-required\" aria-required=\"true\" aria-invalid=\"false\" placeholder=\"Contact Person\" value=\"\" type=\"text\" name=\"Contactperson\" \/><\/span>\n\t<\/p>\n\t<p><span class=\"wpcf7-form-control-wrap\" data-name=\"web\"><input size=\"40\" maxlength=\"400\" class=\"wpcf7-form-control wpcf7-text wpcf7-validates-as-required\" aria-required=\"true\" aria-invalid=\"false\" placeholder=\"Web Adress\" value=\"\" type=\"text\" name=\"web\" \/><\/span>\n\t<\/p>\n\t<p><span class=\"wpcf7-form-control-wrap\" data-name=\"email\"><input size=\"40\" maxlength=\"400\" class=\"wpcf7-form-control wpcf7-email wpcf7-validates-as-required wpcf7-text wpcf7-validates-as-email\" aria-required=\"true\" aria-invalid=\"false\" placeholder=\"Email Address\" value=\"\" type=\"email\" name=\"email\" \/><\/span>\n\t<\/p>\n\t<p><span class=\"wpcf7-form-control-wrap\" data-name=\"telefon\"><input size=\"40\" maxlength=\"400\" class=\"wpcf7-form-control wpcf7-tel wpcf7-validates-as-required wpcf7-text wpcf7-validates-as-tel\" aria-required=\"true\" aria-invalid=\"false\" placeholder=\"Phone &amp; Fax Number\" value=\"\" type=\"tel\" name=\"telefon\" \/><\/span>\n\t<\/p>\n\t<p><span class=\"wpcf7-form-control-wrap\" data-name=\"konu\"><input size=\"40\" maxlength=\"400\" class=\"wpcf7-form-control wpcf7-text wpcf7-validates-as-required\" aria-required=\"true\" aria-invalid=\"false\" placeholder=\"Subject\" value=\"\" type=\"text\" name=\"konu\" \/><\/span>\n\t<\/p>\n\t<p><span class=\"wpcf7-form-control-wrap\" data-name=\"mesaj\"><textarea cols=\"40\" rows=\"10\" maxlength=\"2000\" class=\"wpcf7-form-control wpcf7-textarea wpcf7-validates-as-required\" aria-required=\"true\" aria-invalid=\"false\" placeholder=\"Write the details of your message (Quantity of order, products details ext.)\" name=\"mesaj\"><\/textarea><\/span>\n\t<\/p>\n\t<p>Select Option (required)<br \/>\n(*) Be our agent; Buyer can get any products min. quantitiy 100 pairs. If you offer the area has not been covered by distributor or exclusive distributor.<br \/>\n(**) Be our distributor; Sellect the type of product\/products you would like to represent and sell. It means choiced category covered by you and work under contract.<br \/>\n(***) Be our exclusive distributor; When you choice to represent and sell all our products and work under contract.<br \/>\n<span class=\"wpcf7-form-control-wrap\" data-name=\"your-browser\"><select class=\"wpcf7-form-control wpcf7-select wpcf7-validates-as-required\" aria-required=\"true\" aria-invalid=\"false\" name=\"your-browser\"><option value=\"\">&#8212;L\u00fctfen bir se\u00e7enek se\u00e7in&#8212;<\/option><option value=\"To be an Agent(*)\">To be an Agent(*)<\/option><option value=\"To be a Distributor(**)\">To be a Distributor(**)<\/option><option value=\"To be an Exclusive Distributor(***)\">To be an Exclusive Distributor(***)<\/option><\/select><\/span><br \/>\n<span class=\"wpcf7-form-control-wrap\" data-name=\"text-410\"><input size=\"40\" maxlength=\"400\" class=\"wpcf7-form-control wpcf7-text wpcf7-validates-as-required\" aria-required=\"true\" aria-invalid=\"false\" placeholder=\"How many pairs you can sell in a year from selected products?\" value=\"\" type=\"text\" name=\"text-410\" \/><\/span>\n\t<\/p>\n\t<p>What kind of our products you are interested in? (required)<br \/>\n<span class=\"wpcf7-form-control-wrap\" data-name=\"checkbox-44\"><span class=\"wpcf7-form-control wpcf7-checkbox wpcf7-validates-as-required\"><span class=\"wpcf7-list-item first\"><span class=\"wpcf7-list-item-label\">Click the box below of the product group<\/span><input type=\"checkbox\" name=\"checkbox-44[]\" value=\"Click the box below of the product group\" \/><\/span><span class=\"wpcf7-list-item\"><span class=\"wpcf7-list-item-label\">Autoclavable Clogs<\/span><input type=\"checkbox\" name=\"checkbox-44[]\" value=\"Autoclavable Clogs\" \/><\/span><span class=\"wpcf7-list-item\"><span class=\"wpcf7-list-item-label\">Diabetic Footwear<\/span><input type=\"checkbox\" name=\"checkbox-44[]\" value=\"Diabetic Footwear\" \/><\/span><span class=\"wpcf7-list-item\"><span class=\"wpcf7-list-item-label\">Hallux Valgus Footwear<\/span><input type=\"checkbox\" name=\"checkbox-44[]\" value=\"Hallux Valgus Footwear\" \/><\/span><span class=\"wpcf7-list-item\"><span class=\"wpcf7-list-item-label\">Hospital Nurses Clogs<\/span><input type=\"checkbox\" name=\"checkbox-44[]\" value=\"Hospital Nurses Clogs\" \/><\/span><span class=\"wpcf7-list-item\"><span class=\"wpcf7-list-item-label\">Club Foot Footwear<\/span><input type=\"checkbox\" name=\"checkbox-44[]\" value=\"Club Foot Footwear\" \/><\/span><span class=\"wpcf7-list-item\"><span class=\"wpcf7-list-item-label\">\u0130nsoles<\/span><input type=\"checkbox\" name=\"checkbox-44[]\" value=\"\u0130nsoles\" \/><\/span><span class=\"wpcf7-list-item\"><span class=\"wpcf7-list-item-label\">Heel spurs Footwear<\/span><input type=\"checkbox\" name=\"checkbox-44[]\" value=\"Heel spurs Footwear\" \/><\/span><span class=\"wpcf7-list-item\"><span class=\"wpcf7-list-item-label\">Slimming Footwear<\/span><input type=\"checkbox\" name=\"checkbox-44[]\" value=\"Slimming Footwear\" \/><\/span><span class=\"wpcf7-list-item\"><span class=\"wpcf7-list-item-label\">Orthopedic Slipper &amp; Sandals<\/span><input type=\"checkbox\" name=\"checkbox-44[]\" value=\"Orthopedic Slipper &amp; Sandals\" \/><\/span><span class=\"wpcf7-list-item last\"><span class=\"wpcf7-list-item-label\">Flat Foot Shoes<\/span><input type=\"checkbox\" name=\"checkbox-44[]\" value=\"Flat Foot Shoes\" \/><\/span><\/span><\/span>\n\t<\/p>\n\t<p><input class=\"wpcf7-form-control wpcf7-submit has-spinner safirButton\" type=\"submit\" value=\"SEND MESSAGE\" \/>\n\t<\/p>\n<\/div><p style=\"display: none !important;\" class=\"akismet-fields-container\" data-prefix=\"_wpcf7_ak_\"><label>&#916;<textarea name=\"_wpcf7_ak_hp_textarea\" cols=\"45\" rows=\"8\" maxlength=\"100\"><\/textarea><\/label><input type=\"hidden\" id=\"ak_js_1\" name=\"_wpcf7_ak_js\" value=\"53\"\/><script>document.getElementById( \"ak_js_1\" ).setAttribute( \"value\", ( new Date() ).getTime() );<\/script><\/p><div class=\"wpcf7-response-output\" aria-hidden=\"true\"><\/div>\n<\/form>\n<\/div>\n\n","protected":false},"excerpt":{"rendered":"<p>Distributorship Contact Form Fill in the box below exactly<\/p>\n","protected":false},"author":2,"featured_media":0,"parent":0,"menu_order":0,"comment_status":"closed","ping_status":"closed","template":"pages\/page-references.php","meta":{"footnotes":""},"class_list":["post-11","page","type-page","status-publish","hentry"],"aioseo_notices":[],"_links":{"self":[{"href":"https:\/\/www.etkinmedikal.com\/en\/wp-json\/wp\/v2\/pages\/11","targetHints":{"allow":["GET"]}}],"collection":[{"href":"https:\/\/www.etkinmedikal.com\/en\/wp-json\/wp\/v2\/pages"}],"about":[{"href":"https:\/\/www.etkinmedikal.com\/en\/wp-json\/wp\/v2\/types\/page"}],"author":[{"embeddable":true,"href":"https:\/\/www.etkinmedikal.com\/en\/wp-json\/wp\/v2\/users\/2"}],"replies":[{"embeddable":true,"href":"https:\/\/www.etkinmedikal.com\/en\/wp-json\/wp\/v2\/comments?post=11"}],"version-history":[{"count":27,"href":"https:\/\/www.etkinmedikal.com\/en\/wp-json\/wp\/v2\/pages\/11\/revisions"}],"predecessor-version":[{"id":2486,"href":"https:\/\/www.etkinmedikal.com\/en\/wp-json\/wp\/v2\/pages\/11\/revisions\/2486"}],"wp:attachment":[{"href":"https:\/\/www.etkinmedikal.com\/en\/wp-json\/wp\/v2\/media?parent=11"}],"curies":[{"name":"wp","href":"https:\/\/api.w.org\/{rel}","templated":true}]}}