{"id":344,"date":"2017-04-27T15:46:24","date_gmt":"2017-04-27T12:46:24","guid":{"rendered":"http:\/\/demo.safirtema.com\/pusula\/?page_id=344"},"modified":"2018-11-30T10:18:49","modified_gmt":"2018-11-30T08:18:49","slug":"about-bunions-hallux-valgus","status":"publish","type":"page","link":"https:\/\/www.etkinmedikal.com\/en\/about-bunions-hallux-valgus\/","title":{"rendered":"About Bunions (Hallux Valgus)"},"content":{"rendered":"<h2><em><strong>All About Bunions &#8211; Hammer Toe &#8211;\u00a0Bunionette<\/strong><\/em><\/h2>\n<p>On this page you can find information about bunion disease. Also you should visit our <a href=\"https:\/\/www.etkinmedikal.com\/en\/products\/shoes-slippers-bunions\/\" target=\"_blank\" rel=\"noopener noreferrer\">slippers and shoes for bunions<\/a>\u00a0category for more information best pain relief footwear.<\/p>\n\n\n\t\t\t<div class=\"wp-block-safirtema-sorucevap\">\n\t\t\t\t<div class=\"question\"><span class=\"safiricon icon\"><svg class=\"safiricon-soru\"><use href=\"#safiricon-soru\"><\/use><\/svg><\/span><span class=\"text\">Bunion Overview<\/span><div class=\"openclose\"><span class=\"themeicon icon\"><svg class=\"themeicon-arrow\"><use href=\"#safiricon-tema--arrow\"><\/use><\/svg><\/span><\/div><\/div>\n\t\t\t\t<div class=\"answer\">A <strong>bunion<\/strong> is a bony bump that forms on the joint at the base of your big toe. It forms when your big toe pushes against your next toe, forcing the joint of your big toe to get bigger and stick out. The skin over the bunion might be red and sore. Wearing tight, narrow shoes might cause bunions or make them worse. Bunions also can develop as a result of an inherited structural defect, stress on your foot or a medical condition, such as arthritis. Smaller bunions (<em><strong>bunionettes<\/strong><\/em>) can develop on the joint of your little toe.ab\u0131 yaz\u0131n\u0131z<\/div>\n\t\t\t<\/div>\n\n\t\t\n\n\n\t\t\t<div class=\"wp-block-safirtema-sorucevap\">\n\t\t\t\t<div class=\"question\"><span class=\"safiricon icon\"><svg class=\"safiricon-soru\"><use href=\"#safiricon-soru\"><\/use><\/svg><\/span><span class=\"text\">What Should I Do And Not Do About Bunions?<\/span><div class=\"openclose\"><span class=\"themeicon icon\"><svg class=\"themeicon-arrow\"><use href=\"#safiricon-tema--arrow\"><\/use><\/svg><\/span><\/div><\/div>\n\t\t\t\t<div class=\"answer\"> Wear <em><strong>wide shoes<\/strong> <\/em>with a low heel and soft sole hold an ice pack (or a bag of frozen peas wrapped in a tea towel) to the bunion for up to 5 minutes at a time try bunion pads (soft pads you put in shoes to stop them rubbing on a bunion) \u2013 you can buy these from pharmacies take paracetamol or ibuprofen try to lose weight if you're overweight.<\/p>\n<p>And Please Don't wear high heels or tight, pointy shoes<\/div>\n\t\t\t<\/div>\n\n\t\t\n\n\n\t\t\t<div class=\"wp-block-safirtema-sorucevap\">\n\t\t\t\t<div class=\"question\"><span class=\"safiricon icon\"><svg class=\"safiricon-soru\"><use href=\"#safiricon-soru\"><\/use><\/svg><\/span><span class=\"text\">What Causes a Bunion?<\/span><div class=\"openclose\"><span class=\"themeicon icon\"><svg class=\"themeicon-arrow\"><use href=\"#safiricon-tema--arrow\"><\/use><\/svg><\/span><\/div><\/div>\n\t\t\t\t<div class=\"answer\">A bunion is a deformity of the big toe. People with a bunion have a toe that points outward, as well as a bump on the inner side of the foot. As the bunion becomes more prominent, pain can develop. Learn what causes bunions and what can be done if you have a bunion.<\/p>\n<p><em><strong>Bunion Causes <\/strong><\/em><\/p>\n<p>Bunions are a common problem that can cause foot pain and difficulty wearing shoes. Bunions occur in about 30 percent of the population of most Western countries. They are seen most commonly in women and become more common as people get older.<\/p>\n<p><strong>About Your Parents <\/strong><\/p>\n<p>Genetics do play a significant role, and people who have bunions in the family are also much more likely to have bunion than people who do not. The shape and structure of your feet are probably the biggest culprits for an increased risk of developing a bunion. You have no control over that since it is inherited and you don't get to choose your parents.<\/p>\n<p>In one study, 83 percent of people with bunions had a family history of bunions. A similar number had bunions on both feet, which points to a cause being the shape and function of their feet increasing their risk of bunions.<\/p>\n<p><em><strong>About Your Shoes <\/strong><\/em><\/p>\n<p><em><strong>Tight-fitting shoes<\/strong><\/em> are thought to be the cause of bunions in most patients. Shoes such as high heels or cowboy boots are particularly damaging to the toes. These shoes have a sloping footbed and a narrow toe box. The slope causes the front of the foot to be pushed with force into the narrow toe box, causing the toes to become squeezed together.<\/p>\n<p>Depending on factors such as duration of wearing constraining footwear, skeletal maturity, and individual factors, the toes can become adapted to the new position and lead to the deformity we know as a bunion.<\/p>\n<p><em><strong>Injuries and Inflammatory Conditions <\/strong><\/em><\/p>\n<p>Footwear is not the only cause of a bunion. Injuries to the foot can also be a factor in developing a bunion. People who have rheumatoid arthritis are more prone to bunions, as are people with neuromuscular conditions such as polio.<\/p>\n<p><em><strong>Contributing Factors <\/strong><\/em><\/p>\n<p>Many people who have a bunion have a combination of factors that makes them susceptible to having this condition. For example, women over the age of forty who have a family history of bunions, and often wear high-heeled shoes, would be considered likely to develop a bunion.<\/p>\n<p><em><strong>How Much Does Footwear Affect the Development of Bunions<\/strong><\/em><\/p>\n<p>It's difficult to know exactly how important footwear is in the development of bunions, but we know it is the only variable we can significantly control. Bunions are much less common in countries without Western footwear.<\/p>\n<p>Bunions occur in non-Western countries in about 3 percent of the population. In countries with Western footwear, the prevalence of bunions is over 30 percent. In countries where Western footwear has been introduced recently, the prevalence of bunions has risen to coincide with rates seen in Western countries.<\/p>\n<p>Regardless of whether the shoes caused your bunion, changing them can help you reduce your pain now that you have one. Look for shoes with a wider toe box that is square rather than pointed. Orthotics and padded bunion shields can also help.<\/div>\n\t\t\t<\/div>\n\n\t\t\n\n\n\t\t\t<div class=\"wp-block-safirtema-sorucevap\">\n\t\t\t\t<div class=\"question\"><span class=\"safiricon icon\"><svg class=\"safiricon-soru\"><use href=\"#safiricon-soru\"><\/use><\/svg><\/span><span class=\"text\">What are Symptoms of Bunions?<\/span><div class=\"openclose\"><span class=\"themeicon icon\"><svg class=\"themeicon-arrow\"><use href=\"#safiricon-tema--arrow\"><\/use><\/svg><\/span><\/div><\/div>\n\t\t\t\t<div class=\"answer\">Symptoms The classic symptom of a bunion is a bump that forms at the base of the big toe. These can also form at the base of the little toe, known as a tailor's bunion or bunionette.<\/p>\n<p><strong>Other symptoms of bunions may include<\/strong><\/p>\n<p>pain and soreness numbness a burning sensation swelling at the joint of the affected toe increased skin thickness at the base of the affected toe hardened skin under the foot redness bump on the base of the affected toe the presence of corns or calluses movement restriction within the affected toe Wearing narrow shoes or high heels or standing for a long time may worsen the symptoms.<\/p>\n<p>Bunions begin as small lumps. They get worse over time, however, causing pain and making walking difficult.<\/div>\n\t\t\t<\/div>\n\n\t\t\n\n\n\t\t\t<div class=\"wp-block-safirtema-sorucevap\">\n\t\t\t\t<div class=\"question\"><span class=\"safiricon icon\"><svg class=\"safiricon-soru\"><use href=\"#safiricon-soru\"><\/use><\/svg><\/span><span class=\"text\">When to See a Doctor?<\/span><div class=\"openclose\"><span class=\"themeicon icon\"><svg class=\"themeicon-arrow\"><use href=\"#safiricon-tema--arrow\"><\/use><\/svg><\/span><\/div><\/div>\n\t\t\t\t<div class=\"answer\">Although bunions often require no medical treatment, see your doctor or a doctor who specializes in treating foot disorders (podiatrist or orthopedic foot specialist) if you have: Persistent big toe or foot pain A visible bump on your big toe joint Decreased movement of your big toe or foot Difficulty finding shoes that fit properly because of a bunion<\/div>\n\t\t\t<\/div>\n\n\t\t\n\n\n\t\t\t<div class=\"wp-block-safirtema-sorucevap\">\n\t\t\t\t<div class=\"question\"><span class=\"safiricon icon\"><svg class=\"safiricon-soru\"><use href=\"#safiricon-soru\"><\/use><\/svg><\/span><span class=\"text\">What is Risk of Bunions?<\/span><div class=\"openclose\"><span class=\"themeicon icon\"><svg class=\"themeicon-arrow\"><use href=\"#safiricon-tema--arrow\"><\/use><\/svg><\/span><\/div><\/div>\n\t\t\t\t<div class=\"answer\"><strong>Risk factors These factors might increase your risk of bunions<\/strong>:<\/p>\n<p><strong>High heels<\/strong>. Wearing high heels forces your toes into the front of your shoes, often crowding your toes.<\/p>\n<p><strong>Ill-fitting shoes<\/strong>. People who wear shoes that are too tight, too narrow or too pointed are more susceptible to bunions.<\/p>\n<p><strong>Rheumatoid arthritis<\/strong>. Having this inflammatory condition can make you more susceptible to bunions.<\/p>\n<p><strong>Heredity<\/strong>. The tendency to develop bunions might be because of an inherited structural foot defect.<\/div>\n\t\t\t<\/div>\n\n\t\t\n\n\n\t\t\t<div class=\"wp-block-safirtema-sorucevap\">\n\t\t\t\t<div class=\"question\"><span class=\"safiricon icon\"><svg class=\"safiricon-soru\"><use href=\"#safiricon-soru\"><\/use><\/svg><\/span><span class=\"text\">What is Bunion Complications?<\/span><div class=\"openclose\"><span class=\"themeicon icon\"><svg class=\"themeicon-arrow\"><use href=\"#safiricon-tema--arrow\"><\/use><\/svg><\/span><\/div><\/div>\n\t\t\t\t<div class=\"answer\"><strong>Bunion Complications<\/strong><\/p>\n<p>Bunions start off small and grow over time if they're not treated. As a bunion grows, it becomes more painful and difficult to walk.<\/p>\n<p>In the most severe cases, the big toe may extend over or below the second toe, possibly putting pressure on the second toe that pushes it out of alignment and against the third toe.<\/p>\n<p>Left untreated, a bunion may also cause: Bursitis, a condition in which the bursa (a fluid-filled sac that cushions bones, tendons, and muscles near the joints) of the big toe becomes inflamed and painful Hammertoe, an abnormal bend in the joint of the toe Metatarsalgia, an inflammation of the ball of the foot<\/div>\n\t\t\t<\/div>\n\n\t\t\n\n\n\t\t\t<div class=\"wp-block-safirtema-sorucevap\">\n\t\t\t\t<div class=\"question\"><span class=\"safiricon icon\"><svg class=\"safiricon-soru\"><use href=\"#safiricon-soru\"><\/use><\/svg><\/span><span class=\"text\">What is Prevention of Bunions<\/span><div class=\"openclose\"><span class=\"themeicon icon\"><svg class=\"themeicon-arrow\"><use href=\"#safiricon-tema--arrow\"><\/use><\/svg><\/span><\/div><\/div>\n\t\t\t\t<div class=\"answer\"><strong>Prevention To help prevent bunions<\/strong>: Choose shoes carefully. They should have a wide toe box \u2014 no pointy toes \u2014 and there should be space between the tip of your longest toe and the end of the shoe.<\/p>\n<p>Your shoes should conform to the shape of your feet without squeezing or pressing any part of your foot.<\/div>\n\t\t\t<\/div>\n\n\t\t\n\n\n\t\t\t<div class=\"wp-block-safirtema-sorucevap\">\n\t\t\t\t<div class=\"question\"><span class=\"safiricon icon\"><svg class=\"safiricon-soru\"><use href=\"#safiricon-soru\"><\/use><\/svg><\/span><span class=\"text\">Is Surgery Required to Correct a Bunion?<\/span><div class=\"openclose\"><span class=\"themeicon icon\"><svg class=\"themeicon-arrow\"><use href=\"#safiricon-tema--arrow\"><\/use><\/svg><\/span><\/div><\/div>\n\t\t\t\t<div class=\"answer\">For those whose bunions cause persisting pain despite conservative care, a surgical operation is considered for correction of the bunion. The surgical operation to cure a bunion is referred to as a bunionectomy. Surgical procedures can correct deformity and relieve pain, leading to improved foot function. These procedures typically involve removing bony growth of the bunion while realigning the big toe joint. Surgery is often, but not always, successful; failure to relieve pain can result from the big toe moving back to its previous deviated position even after surgery since bunion surgery does not always address mechanical problems. However, proper footwear and orthotics can reduce the chances of surgical failure.<\/div>\n\t\t\t<\/div>\n\n\t\t\n\n\n\t\t\t<div class=\"wp-block-safirtema-sorucevap\">\n\t\t\t\t<div class=\"question\"><span class=\"safiricon icon\"><svg class=\"safiricon-soru\"><use href=\"#safiricon-soru\"><\/use><\/svg><\/span><span class=\"text\">What is Hammer Toe?<\/span><div class=\"openclose\"><span class=\"themeicon icon\"><svg class=\"themeicon-arrow\"><use href=\"#safiricon-tema--arrow\"><\/use><\/svg><\/span><\/div><\/div>\n\t\t\t\t<div class=\"answer\">A hammer toe is a deformity that causes your toe to bend or curl downward instead of pointing forward. This deformity can affect any toe on your foot. It most often affects the second or third toe. Although a hammer toe may be present at birth, it usually develops over time due to arthritis or wearing ill-fitting shoes, such as tight, pointed heels. In most cases, a hammer toe condition is treatable.<\/div>\n\t\t\t<\/div>\n\n\t\t\n<p>\n\n\t\t\t<div class=\"wp-block-safirtema-sorucevap\">\n\t\t\t\t<div class=\"question\"><span class=\"safiricon icon\"><svg class=\"safiricon-soru\"><use href=\"#safiricon-soru\"><\/use><\/svg><\/span><span class=\"text\">What causes a hammer toe to form?<\/span><div class=\"openclose\"><span class=\"themeicon icon\"><svg class=\"themeicon-arrow\"><use href=\"#safiricon-tema--arrow\"><\/use><\/svg><\/span><\/div><\/div>\n\t\t\t\t<div class=\"answer\">Your toe contains two joints that allow it to bend at the middle and bottom. A hammer toe occurs when the middle joint becomes flexed or bent downward.<\/p>\n<p><strong>Common causes of this include<\/strong><\/p>\n<ul>\n<li>a traumatic toe injury<\/li>\n<li>arthritis<\/li>\n<li>an unusually high foot arch<\/li>\n<li>wearing shoes that don\u2019t fit properly<\/li>\n<li>tightened ligaments or tendons in the foot<\/li>\n<li>pressure from a bunion, which is when your big toe points inward toward your second toe Spinal cord or peripheral nerve damage may cause all of your toes to curl downward.<\/div>\n\t\t\t<\/div>\n\n\t\t<\/li>\n<\/ul>\n\n\n\t\t\t<div class=\"wp-block-safirtema-sorucevap\">\n\t\t\t\t<div class=\"question\"><span class=\"safiricon icon\"><svg class=\"safiricon-soru\"><use href=\"#safiricon-soru\"><\/use><\/svg><\/span><span class=\"text\">Risk Factors for a Hammer Toe?<\/span><div class=\"openclose\"><span class=\"themeicon icon\"><svg class=\"themeicon-arrow\"><use href=\"#safiricon-tema--arrow\"><\/use><\/svg><\/span><\/div><\/div>\n\t\t\t\t<div class=\"answer\">Risk factors for a hammer toe<\/p>\n<p><strong>Certain risk factors increase your likelihood of developing a hammer toe<\/strong>. These include:<\/p>\n<ul>\n<li>a family history of hammer toe<\/li>\n<li>chronically wearing tight or pointy-toed shoes<\/li>\n<li>having calluses, bunions, or corns, which are thickened layers of skin caused by prolonged and repeated friction<\/li>\n<\/ul>\n<p>Wearing shoes that are too small can force the joint of your toes into an abnormal position. This makes it impossible for your muscles to stretch out. Over time, the practice of wearing improperly fitting shoes increases your risk of developing:<\/p>\n<p>hammer toes blisters and ulcerations bunions corns<\/div>\n\t\t\t<\/div>\n\n\t\t\n\n\n\t\t\t<div class=\"wp-block-safirtema-sorucevap\">\n\t\t\t\t<div class=\"question\"><span class=\"safiricon icon\"><svg class=\"safiricon-soru\"><use href=\"#safiricon-soru\"><\/use><\/svg><\/span><span class=\"text\">What are Signs and Symptoms Of Hammer Toe?<\/span><div class=\"openclose\"><span class=\"themeicon icon\"><svg class=\"themeicon-arrow\"><use href=\"#safiricon-tema--arrow\"><\/use><\/svg><\/span><\/div><\/div>\n\t\t\t\t<div class=\"answer\">Signs and symptoms A hammer toe causes you discomfort when you walk. It can also cause you pain when you try to stretch or move the affected toe or those around it. Hammer toe symptoms may be mild or severe.<\/p>\n<p><strong>Mild symptoms <\/strong><\/p>\n<ul>\n<li>a toe that bends downward<\/li>\n<li>corns or calluses<\/li>\n<li>difficulty walking<\/li>\n<li>inability to flex your foot or wiggle your toes<\/li>\n<li>claw-like toes<\/li>\n<\/ul>\n<p><strong>Severe symptoms<\/strong><\/p>\n<p>See your orthopedic surgeon or podiatrist right away if you develop any of these symptoms.<\/div>\n\t\t\t<\/div>\n\n\t\t\n\n\n\t\t\t<div class=\"wp-block-safirtema-sorucevap\">\n\t\t\t\t<div class=\"question\"><span class=\"safiricon icon\"><svg class=\"safiricon-soru\"><use href=\"#safiricon-soru\"><\/use><\/svg><\/span><span class=\"text\">How is a Hammer Toe Treated?<\/span><div class=\"openclose\"><span class=\"themeicon icon\"><svg class=\"themeicon-arrow\"><use href=\"#safiricon-tema--arrow\"><\/use><\/svg><\/span><\/div><\/div>\n\t\t\t\t<div class=\"answer\">How is a hammer toe treated? The severity of your condition determines the treatment options for a hammer toe.<\/p>\n<p><strong>Treatment for a mild hammer toe <\/strong><\/p>\n<p>You can correct a hammer toe caused by inappropriate footwear by wearing properly fitting shoes. If a high arch caused the condition, wearing toe pads or insoles in your shoes can help. These pads work by shifting your toe\u2019s position, which relieves pain and corrects the appearance of your toe.<\/p>\n<p>You can usually use over-the-counter (OTC) cushions, pads, or medications to treat bunions and corns. However, if they\u2019re painful or if they cause your toes to become deformed, your doctor may opt to surgically remove them.<\/p>\n<p>Don\u2019t pop any blisters on your toes. Popping blisters can cause pain and infection. Use OTC creams and cushions to relieve pain and keep blisters from rubbing against the inside of your shoes.<\/p>\n<p>Gently stretching your toes can also help relieve pain and reposition the affected toe.<\/p>\n<p><em><strong>Treatment for a severe hammer toe<\/strong><\/em><\/p>\n<p>If you\u2019re unable to flex your toe, surgery is the only option to restore movement. Surgery can reposition the toe, remove deformed or injured bone, and realign your tendons and joints. Surgery is normally done on an outpatient basis, so you can return home on the day of your surgery.<\/div>\n\t\t\t<\/div>\n\n\t\t\n\n\n\t\t\t<div class=\"wp-block-safirtema-sorucevap\">\n\t\t\t\t<div class=\"question\"><span class=\"safiricon icon\"><svg class=\"safiricon-soru\"><use href=\"#safiricon-soru\"><\/use><\/svg><\/span><span class=\"text\">How Can I Avoid Getting a Hammer Toe?<\/span><div class=\"openclose\"><span class=\"themeicon icon\"><svg class=\"themeicon-arrow\"><use href=\"#safiricon-tema--arrow\"><\/use><\/svg><\/span><\/div><\/div>\n\t\t\t\t<div class=\"answer\">How can I avoid getting a hammer toe?<\/p>\n<p>The best hammer toe prevention tip is to wear properly fitting shoes. If your shoes feel too snug, go to your local shoe store and have the length and width of your feet measured.<\/p>\n<p>If you wear high heels, the heel height should be 2 inches or less. Wearing shoes with high heels increases the pressure on your toes and causes them to bend. It can also cause the formation of corns and a high arch.<\/div>\n\t\t\t<\/div>\n\n\t\t\n<p><img loading=\"lazy\" decoding=\"async\" class=\"size-full wp-image-1948\" src=\"https:\/\/www.etkinmedikal.com\/en\/wp-content\/uploads\/2017\/07\/hammer-toes.jpg\" alt=\"\" width=\"326\" height=\"380\" srcset=\"https:\/\/www.etkinmedikal.com\/en\/wp-content\/uploads\/2017\/07\/hammer-toes.jpg 326w, https:\/\/www.etkinmedikal.com\/en\/wp-content\/uploads\/2017\/07\/hammer-toes-257x300.jpg 257w\" sizes=\"auto, (max-width: 326px) 100vw, 326px\" \/><\/p>\n","protected":false},"excerpt":{"rendered":"<p>All About Bunions &#8211; Hammer Toe &#8211;\u00a0Bunionette On this page you can find information about bunion disease. Also you should visit our slippers and shoes for bunions\u00a0category for more information best pain relief footwear.<\/p>\n","protected":false},"author":2,"featured_media":1948,"parent":0,"menu_order":0,"comment_status":"closed","ping_status":"closed","template":"","meta":{"footnotes":""},"class_list":["post-344","page","type-page","status-publish","has-post-thumbnail","hentry"],"aioseo_notices":[],"_links":{"self":[{"href":"https:\/\/www.etkinmedikal.com\/en\/wp-json\/wp\/v2\/pages\/344","targetHints":{"allow":["GET"]}}],"collection":[{"href":"https:\/\/www.etkinmedikal.com\/en\/wp-json\/wp\/v2\/pages"}],"about":[{"href":"https:\/\/www.etkinmedikal.com\/en\/wp-json\/wp\/v2\/types\/page"}],"author":[{"embeddable":true,"href":"https:\/\/www.etkinmedikal.com\/en\/wp-json\/wp\/v2\/users\/2"}],"replies":[{"embeddable":true,"href":"https:\/\/www.etkinmedikal.com\/en\/wp-json\/wp\/v2\/comments?post=344"}],"version-history":[{"count":37,"href":"https:\/\/www.etkinmedikal.com\/en\/wp-json\/wp\/v2\/pages\/344\/revisions"}],"predecessor-version":[{"id":2248,"href":"https:\/\/www.etkinmedikal.com\/en\/wp-json\/wp\/v2\/pages\/344\/revisions\/2248"}],"wp:featuredmedia":[{"embeddable":true,"href":"https:\/\/www.etkinmedikal.com\/en\/wp-json\/wp\/v2\/media\/1948"}],"wp:attachment":[{"href":"https:\/\/www.etkinmedikal.com\/en\/wp-json\/wp\/v2\/media?parent=344"}],"curies":[{"name":"wp","href":"https:\/\/api.w.org\/{rel}","templated":true}]}}